{"id":86,"date":"2017-02-15T15:44:38","date_gmt":"2017-02-15T15:44:38","guid":{"rendered":"http:\/\/biblics.cpl.es\/?page_id=86"},"modified":"2017-05-17T08:39:39","modified_gmt":"2017-05-17T08:39:39","slug":"presentacio","status":"publish","type":"page","link":"https:\/\/cep.cpl.es\/","title":{"rendered":"Quaderns de Pastoral (1969-2016)"},"content":{"rendered":"<h3>Acc\u00e9s digital al contingut de totes les revistes publicades<\/h3>\n<p>Amb la publicaci\u00f3 del llibre <a href=\"http:\/\/www.book.cpl.es\/detalle.asp?codart=250019\"><em>Quaderns de Pastoral (1969-2016). Una revista al servei de la fe d\u2019un poble<\/em><\/a>, de Mn. Manel Sim\u00f3, arriba un final d\u2019etapa per a la revista\u00a0<em>Quaderns de Pastoral<\/em>\u00a0\u00a0i per al\u00a0<em>Centre d\u2019Estudis Pastorals de les di\u00f2cesis catalanes<\/em> (CEP).\u00a0Els bisbes de la Confer\u00e8ncia Episcopal Tarraconense han aprovat \u201cla creaci\u00f3 de la C\u00e0tedra de Teologia Pastoral\u00a0Arquebisbe Josep Pont i Gol\u00a0\u00a0integrada a la Facultat de Teologia de Catalunya i que ser\u00e0 continuadora de l\u2019excel\u00b7lent treball portat a terme pel\u00a0Centre d\u2019Estudis Pastorals\u00a0durant m\u00e9s de quaranta anys. La nova\u00a0C\u00e0tedra\u00a0tindr\u00e0 cura de l\u2019edici\u00f3 de la <em>revista\u00a0Quaderns de Pastoral<\/em>\u201d\u00a0(Tarragona, comunicat reuni\u00f3 218 de la CET, 5 i 6 de maig de 2016).<\/p>\n<p>El llibre ofereix una molt una bona s\u00edntesi contextualitzada de tots els n\u00fameros de la revista i una magn\u00edfica panor\u00e0mica del que ha estat la pastoral a Catalunya en gaireb\u00e9 mig segle. Un mig segle molt significatiu, que ha incl\u00f2s la recepci\u00f3 del Concili Vatic\u00e0 II i innombrables canvis socials, pol\u00edtics i tecnol\u00f2gics.<\/p>\n<p>Les noves tecnologies, per\u00f2, permeten encara complementar aquest estudi de Mn. Manel Sim\u00f3 amb la present plana web, elaborada en col\u00b7laboraci\u00f3 amb el Centre de Pastoral Lit\u00fargica i que ofereix en format pdf el contingut de tots els n\u00fameros de <em>Quaderns de Pastoral <\/em>junt amb un \u00edndex tem\u00e0tic i per autors que facilita la recerca.<\/p>\n","protected":false},"excerpt":{"rendered":"<p>Acc\u00e9s digital al contingut de totes les revistes publicades Amb la publicaci\u00f3 del llibre Quaderns de Pastoral (1969-2016). Una revista al servei de la fe d\u2019un poble, de Mn. Manel Sim\u00f3, arriba un final d\u2019etapa per a la revista\u00a0Quaderns de Pastoral\u00a0\u00a0i per al\u00a0Centre d\u2019Estudis Pastorals de les di\u00f2cesis catalanes (CEP).\u00a0Els &#8230;<\/p>\n","protected":false},"author":2,"featured_media":0,"parent":0,"menu_order":1,"comment_status":"closed","ping_status":"closed","template":"","meta":[],"_links":{"self":[{"href":"https:\/\/cep.cpl.es\/index.php?rest_route=\/wp\/v2\/pages\/86"}],"collection":[{"href":"https:\/\/cep.cpl.es\/index.php?rest_route=\/wp\/v2\/pages"}],"about":[{"href":"https:\/\/cep.cpl.es\/index.php?rest_route=\/wp\/v2\/types\/page"}],"author":[{"embeddable":true,"href":"https:\/\/cep.cpl.es\/index.php?rest_route=\/wp\/v2\/users\/2"}],"replies":[{"embeddable":true,"href":"https:\/\/cep.cpl.es\/index.php?rest_route=%2Fwp%2Fv2%2Fcomments&post=86"}],"version-history":[{"count":3,"href":"https:\/\/cep.cpl.es\/index.php?rest_route=\/wp\/v2\/pages\/86\/revisions"}],"predecessor-version":[{"id":1552,"href":"https:\/\/cep.cpl.es\/index.php?rest_route=\/wp\/v2\/pages\/86\/revisions\/1552"}],"wp:attachment":[{"href":"https:\/\/cep.cpl.es\/index.php?rest_route=%2Fwp%2Fv2%2Fmedia&parent=86"}],"curies":[{"name":"wp","href":"https:\/\/api.w.org\/{rel}","templated":true}]}}